{"id":23,"date":"2022-11-14T17:02:36","date_gmt":"2022-11-14T16:02:36","guid":{"rendered":"https:\/\/logotel.de\/?page_id=23"},"modified":"2023-01-16T20:35:03","modified_gmt":"2023-01-16T19:35:03","slug":"kontakt-anfahrt","status":"publish","type":"page","link":"https:\/\/logotel.de\/en\/kontakt-anfahrt\/","title":{"rendered":"Contact &amp; Approach"},"content":{"rendered":"\t\t<div data-elementor-type=\"wp-page\" data-elementor-id=\"23\" class=\"elementor elementor-23\" data-elementor-post-type=\"page\">\n\t\t\t\t\t\t<section class=\"elementor-section elementor-top-section elementor-element elementor-element-1b8f5cd6 elementor-section-height-min-height elementor-section-boxed elementor-section-height-default elementor-section-items-middle\" data-id=\"1b8f5cd6\" data-element_type=\"section\" data-e-type=\"section\">\n\t\t\t\t\t\t\t<div class=\"elementor-background-overlay\"><\/div>\n\t\t\t\t\t\t\t<div class=\"elementor-container elementor-column-gap-default\">\n\t\t\t\t\t<div class=\"elementor-column elementor-col-100 elementor-top-column elementor-element elementor-element-692dd787 animated-slow elementor-invisible\" data-id=\"692dd787\" data-element_type=\"column\" data-e-type=\"column\" data-settings=\"{&quot;animation&quot;:&quot;slideInDown&quot;}\">\n\t\t\t<div class=\"elementor-widget-wrap elementor-element-populated\">\n\t\t\t\t\t\t<div class=\"elementor-element elementor-element-78999859 elementor-widget elementor-widget-text-editor\" data-id=\"78999859\" data-element_type=\"widget\" data-e-type=\"widget\" data-widget_type=\"text-editor.default\">\n\t\t\t\t<div class=\"elementor-widget-container\">\n\t\t\t\t\t\t\t\t\t<div class=\"row\"><div class=\"medium-9 columns\"><div class=\"row\"><div class=\"medium-9 columns\"><div class=\"row \"><section class=\"columns\"><div id=\"c74\" class=\" gh frame frame-default frame-type-text frame-layout-0\"><p>Kontakt &amp; Anfahrt<\/p><\/div><\/section><\/div><\/div><\/div><\/div><\/div>\t\t\t\t\t\t\t\t<\/div>\n\t\t\t\t<\/div>\n\t\t\t\t\t<\/div>\n\t\t<\/div>\n\t\t\t\t\t<\/div>\n\t\t<\/section>\n\t\t\t\t<section class=\"elementor-section elementor-top-section elementor-element elementor-element-4172d0ba elementor-section-boxed elementor-section-height-default elementor-section-height-default\" data-id=\"4172d0ba\" data-element_type=\"section\" data-e-type=\"section\">\n\t\t\t\t\t\t<div class=\"elementor-container elementor-column-gap-default\">\n\t\t\t\t\t<div class=\"elementor-column elementor-col-100 elementor-top-column elementor-element elementor-element-616092d\" data-id=\"616092d\" data-element_type=\"column\" data-e-type=\"column\">\n\t\t\t<div class=\"elementor-widget-wrap elementor-element-populated\">\n\t\t\t\t\t\t<div class=\"elementor-element elementor-element-2f6cf89f elementor-widget elementor-widget-text-editor\" data-id=\"2f6cf89f\" data-element_type=\"widget\" data-e-type=\"widget\" data-widget_type=\"text-editor.default\">\n\t\t\t\t<div class=\"elementor-widget-container\">\n\t\t\t\t\t\t\t\t\t<div class=\"row\"><div class=\"medium-9 columns\"><div class=\"row\"><div class=\"medium-9 columns\"><div class=\"row \"><section class=\"columns\"><div id=\"c74\" class=\" gh frame frame-default frame-type-text frame-layout-0\"><h1>Wie k\u00f6nnen wir Ihnen weiterhelfen?<\/h1><\/div><\/section><\/div><\/div><\/div><\/div><\/div>\t\t\t\t\t\t\t\t<\/div>\n\t\t\t\t<\/div>\n\t\t\t\t<div class=\"elementor-element elementor-element-ed50b17 elementor-widget elementor-widget-text-editor\" data-id=\"ed50b17\" data-element_type=\"widget\" data-e-type=\"widget\" data-widget_type=\"text-editor.default\">\n\t\t\t\t<div class=\"elementor-widget-container\">\n\t\t\t\t\t\t\t\t\t<div class=\"row\"><div class=\"medium-9 columns\"><div class=\"row\"><div class=\"medium-9 columns\"><div class=\"row \"><section class=\"columns\"><div id=\"c74\" class=\" gh frame frame-default frame-type-text frame-layout-0\"><p>Online, am Telefon oder pers\u00f6nlich \u2013\u00a0 Ihr Logotel-Team ist gerne f\u00fcr Sie da, ber\u00e4t Sie und beantwortet gerne Ihre Fragen.<\/p><\/div><\/section><\/div><\/div><\/div><\/div><\/div>\t\t\t\t\t\t\t\t<\/div>\n\t\t\t\t<\/div>\n\t\t\t\t<div class=\"elementor-element elementor-element-93251fa elementor-widget elementor-widget-text-editor\" data-id=\"93251fa\" data-element_type=\"widget\" data-e-type=\"widget\" data-widget_type=\"text-editor.default\">\n\t\t\t\t<div class=\"elementor-widget-container\">\n\t\t\t\t\t\t\t\t\t<div class=\"row\"><div class=\"medium-9 columns\"><div class=\"row\"><div class=\"medium-9 columns\"><div class=\"row \"><section class=\"columns\"><div id=\"c74\" class=\" gh frame frame-default frame-type-text frame-layout-0\"><p>Hotel Logotel | Karl-Marx-Stra\u00dfe 30 | 99817 Eisenach | Telefon: 03691 2350 |\u00a0<a href=\"mailto:info@logotel.de\">info@logotel.de<\/a><\/p><\/div><\/section><\/div><\/div><\/div><\/div><\/div>\t\t\t\t\t\t\t\t<\/div>\n\t\t\t\t<\/div>\n\t\t\t\t\t<\/div>\n\t\t<\/div>\n\t\t\t\t\t<\/div>\n\t\t<\/section>\n\t\t\t\t<section class=\"elementor-section elementor-top-section elementor-element elementor-element-99d6c59 elementor-section-boxed elementor-section-height-default elementor-section-height-default\" data-id=\"99d6c59\" data-element_type=\"section\" data-e-type=\"section\" data-settings=\"{&quot;background_background&quot;:&quot;classic&quot;}\">\n\t\t\t\t\t\t<div class=\"elementor-container elementor-column-gap-default\">\n\t\t\t\t\t<div class=\"elementor-column elementor-col-100 elementor-top-column elementor-element elementor-element-cd631ea\" data-id=\"cd631ea\" data-element_type=\"column\" data-e-type=\"column\">\n\t\t\t<div class=\"elementor-widget-wrap elementor-element-populated\">\n\t\t\t\t\t\t<div class=\"elementor-element elementor-element-19c49ec9 elementor-button-align-start elementor-mobile-button-align-center elementor-widget elementor-widget-form\" data-id=\"19c49ec9\" data-element_type=\"widget\" data-e-type=\"widget\" data-settings=\"{&quot;step_next_label&quot;:&quot;N\\u00e4chster&quot;,&quot;step_previous_label&quot;:&quot;Voriger&quot;,&quot;button_width&quot;:&quot;100&quot;,&quot;step_type&quot;:&quot;number_text&quot;,&quot;step_icon_shape&quot;:&quot;circle&quot;}\" data-widget_type=\"form.default\">\n\t\t\t\t<div class=\"elementor-widget-container\">\n\t\t\t\t\t\t\t<form class=\"elementor-form\" method=\"post\" name=\"New Form\" aria-label=\"New Form\">\n\t\t\t<input type=\"hidden\" name=\"post_id\" value=\"23\"\/>\n\t\t\t<input type=\"hidden\" name=\"form_id\" value=\"19c49ec9\"\/>\n\t\t\t<input type=\"hidden\" name=\"referer_title\" value=\"Kontakt &amp; Anfahrt - Logotel\" \/>\n\n\t\t\t\t\t\t\t<input type=\"hidden\" name=\"queried_id\" value=\"23\"\/>\n\t\t\t\n\t\t\t<div class=\"elementor-form-fields-wrapper elementor-labels-\">\n\t\t\t\t\t\t\t\t<div class=\"elementor-field-type-text elementor-field-group elementor-column elementor-field-group-field_beb9adb elementor-col-50\">\n\t\t\t\t\t\t\t\t\t\t\t\t<label for=\"form-field-field_beb9adb\" class=\"elementor-field-label elementor-screen-only\">\n\t\t\t\t\t\t\t\tFirma\t\t\t\t\t\t\t<\/label>\n\t\t\t\t\t\t\t\t\t\t\t\t\t\t<input size=\"1\" type=\"text\" name=\"form_fields[field_beb9adb]\" id=\"form-field-field_beb9adb\" class=\"elementor-field elementor-size-sm  elementor-field-textual\" placeholder=\"Firma\">\n\t\t\t\t\t\t\t\t\t\t\t<\/div>\n\t\t\t\t\t\t\t\t<div class=\"elementor-field-type-select elementor-field-group elementor-column elementor-field-group-field_8af50a9 elementor-col-50\">\n\t\t\t\t\t\t\t\t\t\t\t\t<label for=\"form-field-field_8af50a9\" class=\"elementor-field-label elementor-screen-only\">\n\t\t\t\t\t\t\t\tAnrede\t\t\t\t\t\t\t<\/label>\n\t\t\t\t\t\t\t\t<div class=\"elementor-field elementor-select-wrapper remove-before \">\n\t\t\t<div class=\"select-caret-down-wrapper\">\n\t\t\t\t<i aria-hidden=\"true\" class=\"eicon-caret-down\"><\/i>\t\t\t<\/div>\n\t\t\t<select name=\"form_fields[field_8af50a9]\" id=\"form-field-field_8af50a9\" class=\"elementor-field-textual elementor-size-sm\">\n\t\t\t\t\t\t\t\t\t<option value=\"Anrede\">Anrede<\/option>\n\t\t\t\t\t\t\t\t\t<option value=\"Frau\">Frau<\/option>\n\t\t\t\t\t\t\t\t\t<option value=\"Herr\">Herr<\/option>\n\t\t\t\t\t\t\t<\/select>\n\t\t<\/div>\n\t\t\t\t\t\t<\/div>\n\t\t\t\t\t\t\t\t<div class=\"elementor-field-type-text elementor-field-group elementor-column elementor-field-group-field_8617197 elementor-col-50\">\n\t\t\t\t\t\t\t\t\t\t\t\t<label for=\"form-field-field_8617197\" class=\"elementor-field-label elementor-screen-only\">\n\t\t\t\t\t\t\t\tVorname\t\t\t\t\t\t\t<\/label>\n\t\t\t\t\t\t\t\t\t\t\t\t\t\t<input size=\"1\" type=\"text\" name=\"form_fields[field_8617197]\" id=\"form-field-field_8617197\" class=\"elementor-field elementor-size-sm  elementor-field-textual\" placeholder=\"Vorname\">\n\t\t\t\t\t\t\t\t\t\t\t<\/div>\n\t\t\t\t\t\t\t\t<div class=\"elementor-field-type-text elementor-field-group elementor-column elementor-field-group-field_9533836 elementor-col-50\">\n\t\t\t\t\t\t\t\t\t\t\t\t<label for=\"form-field-field_9533836\" class=\"elementor-field-label elementor-screen-only\">\n\t\t\t\t\t\t\t\tNachname\t\t\t\t\t\t\t<\/label>\n\t\t\t\t\t\t\t\t\t\t\t\t\t\t<input size=\"1\" type=\"text\" name=\"form_fields[field_9533836]\" id=\"form-field-field_9533836\" class=\"elementor-field elementor-size-sm  elementor-field-textual\" placeholder=\"Nachname\">\n\t\t\t\t\t\t\t\t\t\t\t<\/div>\n\t\t\t\t\t\t\t\t<div class=\"elementor-field-type-text\">\n\t\t\t\t\t<input size=\"1\" type=\"text\" name=\"form_fields[field_17ef416]\" id=\"form-field-field_17ef416\" class=\"elementor-field elementor-size-sm \" style=\"display:none !important;\">\t\t\t\t<\/div>\n\t\t\t\t\t\t\t\t<div class=\"elementor-field-type-text elementor-field-group elementor-column elementor-field-group-field_6082fb3 elementor-col-50\">\n\t\t\t\t\t\t\t\t\t\t\t\t<label for=\"form-field-field_6082fb3\" class=\"elementor-field-label elementor-screen-only\">\n\t\t\t\t\t\t\t\tStra\u00dfe & Hausnummer\t\t\t\t\t\t\t<\/label>\n\t\t\t\t\t\t\t\t\t\t\t\t\t\t<input size=\"1\" type=\"text\" name=\"form_fields[field_6082fb3]\" id=\"form-field-field_6082fb3\" class=\"elementor-field elementor-size-sm  elementor-field-textual\" placeholder=\"Stra\u00dfe &amp; Hausnummer\">\n\t\t\t\t\t\t\t\t\t\t\t<\/div>\n\t\t\t\t\t\t\t\t<div class=\"elementor-field-type-text elementor-field-group elementor-column elementor-field-group-field_e155e3d elementor-col-50\">\n\t\t\t\t\t\t\t\t\t\t\t\t<label for=\"form-field-field_e155e3d\" class=\"elementor-field-label elementor-screen-only\">\n\t\t\t\t\t\t\t\tPLZ & Ort \t\t\t\t\t\t\t<\/label>\n\t\t\t\t\t\t\t\t\t\t\t\t\t\t<input size=\"1\" type=\"text\" name=\"form_fields[field_e155e3d]\" id=\"form-field-field_e155e3d\" class=\"elementor-field elementor-size-sm  elementor-field-textual\" placeholder=\"PLZ &amp; Ort \">\n\t\t\t\t\t\t\t\t\t\t\t<\/div>\n\t\t\t\t\t\t\t\t<div class=\"elementor-field-type-tel elementor-field-group elementor-column elementor-field-group-b26ecb6 elementor-col-50 elementor-field-required\">\n\t\t\t\t\t\t\t\t\t\t\t\t<label for=\"form-field-b26ecb6\" class=\"elementor-field-label elementor-screen-only\">\n\t\t\t\t\t\t\t\tTelefon\t\t\t\t\t\t\t<\/label>\n\t\t\t\t\t\t\t\t<input size=\"1\" type=\"tel\" name=\"form_fields[b26ecb6]\" id=\"form-field-b26ecb6\" class=\"elementor-field elementor-size-sm  elementor-field-textual\" placeholder=\"Telefon\" required=\"required\" pattern=\"[0-9()#&amp;+*-=.]+\" title=\"Nur Nummern oder Telefon-Zeichen (#, -, *, etc) werden akzeptiert.\">\n\n\t\t\t\t\t\t<\/div>\n\t\t\t\t\t\t\t\t<div class=\"elementor-field-type-text\">\n\t\t\t\t\t<input size=\"1\" type=\"text\" name=\"form_fields[field_b2986fc]\" id=\"form-field-field_b2986fc\" class=\"elementor-field elementor-size-sm \" style=\"display:none !important;\">\t\t\t\t<\/div>\n\t\t\t\t\t\t\t\t<div class=\"elementor-field-type-email elementor-field-group elementor-column elementor-field-group-email elementor-col-50 elementor-field-required\">\n\t\t\t\t\t\t\t\t\t\t\t\t<label for=\"form-field-email\" class=\"elementor-field-label elementor-screen-only\">\n\t\t\t\t\t\t\t\tE-Mail\t\t\t\t\t\t\t<\/label>\n\t\t\t\t\t\t\t\t\t\t\t\t\t\t<input size=\"1\" type=\"email\" name=\"form_fields[email]\" id=\"form-field-email\" class=\"elementor-field elementor-size-sm  elementor-field-textual\" placeholder=\"E-Mail\" required=\"required\">\n\t\t\t\t\t\t\t\t\t\t\t<\/div>\n\t\t\t\t\t\t\t\t<div class=\"elementor-field-type-text\">\n\t\t\t\t\t<input size=\"1\" type=\"text\" name=\"form_fields[field_13f8de6]\" id=\"form-field-field_13f8de6\" class=\"elementor-field elementor-size-sm \" style=\"display:none !important;\">\t\t\t\t<\/div>\n\t\t\t\t\t\t\t\t<div class=\"elementor-field-type-textarea elementor-field-group elementor-column elementor-field-group-message elementor-col-100\">\n\t\t\t\t\t\t\t\t\t\t\t\t<label for=\"form-field-message\" class=\"elementor-field-label elementor-screen-only\">\n\t\t\t\t\t\t\t\tNachricht\t\t\t\t\t\t\t<\/label>\n\t\t\t\t\t\t<textarea class=\"elementor-field-textual elementor-field  elementor-size-sm\" name=\"form_fields[message]\" id=\"form-field-message\" rows=\"4\" placeholder=\"Ihre Nachricht an uns\"><\/textarea>\t\t\t\t<\/div>\n\t\t\t\t\t\t\t\t<div class=\"elementor-field-group elementor-column elementor-field-type-submit elementor-col-100 e-form__buttons\">\n\t\t\t\t\t<button class=\"elementor-button elementor-size-sm\" type=\"submit\">\n\t\t\t\t\t\t<span class=\"elementor-button-content-wrapper\">\n\t\t\t\t\t\t\t\t\t\t\t\t\t\t\t\t\t\t\t\t\t\t<span class=\"elementor-button-text\">Nachricht senden<\/span>\n\t\t\t\t\t\t\t\t\t\t\t\t\t<\/span>\n\t\t\t\t\t<\/button>\n\t\t\t\t<\/div>\n\t\t\t<\/div>\n\t\t<\/form>\n\t\t\t\t\t\t<\/div>\n\t\t\t\t<\/div>\n\t\t\t\t\t<\/div>\n\t\t<\/div>\n\t\t\t\t\t<\/div>\n\t\t<\/section>\n\t\t\t\t<section class=\"elementor-section elementor-top-section elementor-element elementor-element-3562e10 animated-slow elementor-section-boxed elementor-section-height-default elementor-section-height-default elementor-invisible\" data-id=\"3562e10\" data-element_type=\"section\" data-e-type=\"section\" data-settings=\"{&quot;animation&quot;:&quot;fadeInUp&quot;}\">\n\t\t\t\t\t\t<div class=\"elementor-container elementor-column-gap-default\">\n\t\t\t\t\t<div class=\"elementor-column elementor-col-50 elementor-top-column elementor-element elementor-element-204565e\" data-id=\"204565e\" data-element_type=\"column\" data-e-type=\"column\">\n\t\t\t<div class=\"elementor-widget-wrap elementor-element-populated\">\n\t\t\t\t\t\t<div class=\"elementor-element elementor-element-45e2af5 elementor-widget elementor-widget-image\" data-id=\"45e2af5\" data-element_type=\"widget\" data-e-type=\"widget\" data-widget_type=\"image.default\">\n\t\t\t\t<div class=\"elementor-widget-container\">\n\t\t\t\t\t\t\t\t\t\t\t\t\t\t\t<img fetchpriority=\"high\" decoding=\"async\" width=\"595\" height=\"170\" src=\"https:\/\/logotel.de\/wp-content\/uploads\/2022\/11\/logotel_bearbeitet.png\" class=\"attachment-large size-large wp-image-161\" alt=\"\" srcset=\"https:\/\/logotel.de\/wp-content\/uploads\/2022\/11\/logotel_bearbeitet.png 595w, https:\/\/logotel.de\/wp-content\/uploads\/2022\/11\/logotel_bearbeitet-300x86.png 300w\" sizes=\"(max-width: 595px) 100vw, 595px\" \/>\t\t\t\t\t\t\t\t\t\t\t\t\t\t\t<\/div>\n\t\t\t\t<\/div>\n\t\t\t\t\t<\/div>\n\t\t<\/div>\n\t\t\t\t<div class=\"elementor-column elementor-col-50 elementor-top-column elementor-element elementor-element-d337a28\" data-id=\"d337a28\" data-element_type=\"column\" data-e-type=\"column\">\n\t\t\t<div class=\"elementor-widget-wrap elementor-element-populated\">\n\t\t\t\t\t\t<div class=\"elementor-element elementor-element-9254d34 elementor-widget elementor-widget-text-editor\" data-id=\"9254d34\" data-element_type=\"widget\" data-e-type=\"widget\" data-widget_type=\"text-editor.default\">\n\t\t\t\t<div class=\"elementor-widget-container\">\n\t\t\t\t\t\t\t\t\t<div class=\"row\"><div class=\"medium-9 columns\"><div class=\"row\"><div class=\"medium-9 columns\"><div class=\"row \"><section class=\"columns\"><div id=\"c74\" class=\" gh frame frame-default frame-type-text frame-layout-0\"><p>Karl-Marx-Stra\u00dfe 30<br \/>99817 Eisenach<br \/>Telefon: 03691 2350<br \/><a href=\"mailto:info@logotel.de\">info@logotel.de<\/a><\/p><\/div><\/section><\/div><\/div><\/div><\/div><\/div>\t\t\t\t\t\t\t\t<\/div>\n\t\t\t\t<\/div>\n\t\t\t\t\t<\/div>\n\t\t<\/div>\n\t\t\t\t\t<\/div>\n\t\t<\/section>\n\t\t\t\t<section class=\"elementor-section elementor-top-section elementor-element elementor-element-806c1bc elementor-section-full_width elementor-section-height-default elementor-section-height-default\" data-id=\"806c1bc\" data-element_type=\"section\" data-e-type=\"section\">\n\t\t\t\t\t\t<div class=\"elementor-container elementor-column-gap-default\">\n\t\t\t\t\t<div class=\"elementor-column elementor-col-100 elementor-top-column elementor-element elementor-element-8c3d558\" data-id=\"8c3d558\" data-element_type=\"column\" data-e-type=\"column\">\n\t\t\t<div class=\"elementor-widget-wrap elementor-element-populated\">\n\t\t\t\t\t\t<div class=\"elementor-element elementor-element-56e4b25 elementor-widget elementor-widget-google_maps\" data-id=\"56e4b25\" data-element_type=\"widget\" data-e-type=\"widget\" data-widget_type=\"google_maps.default\">\n\t\t\t\t<div class=\"elementor-widget-container\">\n\t\t\t\t\t\t\t<div class=\"elementor-custom-embed\">\n\t\t\t<iframe loading=\"lazy\"\n\t\t\t\t\tsrc=\"https:\/\/maps.google.com\/maps?q=Hotel%20Logotel%20%20Karl-Marx-Stra%C3%9Fe%2030%2099817%20Eisenach&#038;t=m&#038;z=13&#038;output=embed&#038;iwloc=near\"\n\t\t\t\t\ttitle=\"Hotel Logotel  Karl-Marx-Stra\u00dfe 30 99817 Eisenach\"\n\t\t\t\t\taria-label=\"Hotel Logotel  Karl-Marx-Stra\u00dfe 30 99817 Eisenach\"\n\t\t\t><\/iframe>\n\t\t<\/div>\n\t\t\t\t\t\t<\/div>\n\t\t\t\t<\/div>\n\t\t\t\t\t<\/div>\n\t\t<\/div>\n\t\t\t\t\t<\/div>\n\t\t<\/section>\n\t\t\t\t<\/div>\n\t\t","protected":false},"excerpt":{"rendered":"<p>Kontakt &amp; Anfahrt Wie k\u00f6nnen wir Ihnen weiterhelfen? Online, am Telefon oder pers\u00f6nlich \u2013\u00a0 Ihr Logotel-Team ist gerne f\u00fcr Sie da, ber\u00e4t Sie und beantwortet gerne Ihre Fragen. Hotel Logotel | Karl-Marx-Stra\u00dfe 30 | 99817 Eisenach | Telefon: 03691 2350 |\u00a0info@logotel.de Karl-Marx-Stra\u00dfe 3099817 EisenachTelefon: 03691 2350info@logotel.de<\/p>","protected":false},"author":1,"featured_media":0,"parent":0,"menu_order":0,"comment_status":"closed","ping_status":"closed","template":"","meta":{"footnotes":""},"class_list":["post-23","page","type-page","status-publish","hentry"],"yoast_head":"<!-- This site is optimized with the Yoast SEO plugin v27.3 - https:\/\/yoast.com\/product\/yoast-seo-wordpress\/ -->\n<title>Kontakt &amp; Anfahrt - Logotel<\/title>\n<meta name=\"robots\" content=\"index, follow, max-snippet:-1, max-image-preview:large, max-video-preview:-1\" \/>\n<link rel=\"canonical\" href=\"https:\/\/logotel.de\/en\/kontakt-anfahrt\/\" \/>\n<meta property=\"og:locale\" content=\"en_GB\" \/>\n<meta property=\"og:type\" content=\"article\" \/>\n<meta property=\"og:title\" content=\"Kontakt &amp; Anfahrt - Logotel\" \/>\n<meta property=\"og:description\" content=\"Kontakt &amp; Anfahrt Wie k\u00f6nnen wir Ihnen weiterhelfen? Online, am Telefon oder pers\u00f6nlich \u2013\u00a0 Ihr Logotel-Team ist gerne f\u00fcr Sie da, ber\u00e4t Sie und beantwortet gerne Ihre Fragen. Hotel Logotel | Karl-Marx-Stra\u00dfe 30 | 99817 Eisenach | Telefon: 03691 2350 |\u00a0info@logotel.de Karl-Marx-Stra\u00dfe 3099817 EisenachTelefon: 03691 2350info@logotel.de\" \/>\n<meta property=\"og:url\" content=\"https:\/\/logotel.de\/en\/kontakt-anfahrt\/\" \/>\n<meta property=\"og:site_name\" content=\"Logotel\" \/>\n<meta property=\"article:modified_time\" content=\"2023-01-16T19:35:03+00:00\" \/>\n<meta property=\"og:image\" content=\"https:\/\/logotel.de\/wp-content\/uploads\/2022\/11\/logotel_bearbeitet.png\" \/>\n<meta name=\"twitter:card\" content=\"summary_large_image\" \/>\n<meta name=\"twitter:label1\" content=\"Estimated reading time\" \/>\n\t<meta name=\"twitter:data1\" content=\"1 minute\" \/>\n<script type=\"application\/ld+json\" class=\"yoast-schema-graph\">{\"@context\":\"https:\\\/\\\/schema.org\",\"@graph\":[{\"@type\":\"WebPage\",\"@id\":\"https:\\\/\\\/logotel.de\\\/kontakt-anfahrt\\\/\",\"url\":\"https:\\\/\\\/logotel.de\\\/kontakt-anfahrt\\\/\",\"name\":\"Kontakt & Anfahrt - Logotel\",\"isPartOf\":{\"@id\":\"https:\\\/\\\/logotel.de\\\/#website\"},\"primaryImageOfPage\":{\"@id\":\"https:\\\/\\\/logotel.de\\\/kontakt-anfahrt\\\/#primaryimage\"},\"image\":{\"@id\":\"https:\\\/\\\/logotel.de\\\/kontakt-anfahrt\\\/#primaryimage\"},\"thumbnailUrl\":\"https:\\\/\\\/logotel.de\\\/wp-content\\\/uploads\\\/2022\\\/11\\\/logotel_bearbeitet.png\",\"datePublished\":\"2022-11-14T16:02:36+00:00\",\"dateModified\":\"2023-01-16T19:35:03+00:00\",\"breadcrumb\":{\"@id\":\"https:\\\/\\\/logotel.de\\\/kontakt-anfahrt\\\/#breadcrumb\"},\"inLanguage\":\"en-GB\",\"potentialAction\":[{\"@type\":\"ReadAction\",\"target\":[\"https:\\\/\\\/logotel.de\\\/kontakt-anfahrt\\\/\"]}]},{\"@type\":\"ImageObject\",\"inLanguage\":\"en-GB\",\"@id\":\"https:\\\/\\\/logotel.de\\\/kontakt-anfahrt\\\/#primaryimage\",\"url\":\"https:\\\/\\\/logotel.de\\\/wp-content\\\/uploads\\\/2022\\\/11\\\/logotel_bearbeitet.png\",\"contentUrl\":\"https:\\\/\\\/logotel.de\\\/wp-content\\\/uploads\\\/2022\\\/11\\\/logotel_bearbeitet.png\"},{\"@type\":\"BreadcrumbList\",\"@id\":\"https:\\\/\\\/logotel.de\\\/kontakt-anfahrt\\\/#breadcrumb\",\"itemListElement\":[{\"@type\":\"ListItem\",\"position\":1,\"name\":\"Startseite\",\"item\":\"https:\\\/\\\/logotel.de\\\/\"},{\"@type\":\"ListItem\",\"position\":2,\"name\":\"Kontakt &#038; Anfahrt\"}]},{\"@type\":\"WebSite\",\"@id\":\"https:\\\/\\\/logotel.de\\\/#website\",\"url\":\"https:\\\/\\\/logotel.de\\\/\",\"name\":\"Logotel\",\"description\":\"Logotel \u2013 Ihr Hotel in Eisenach\",\"publisher\":{\"@id\":\"https:\\\/\\\/logotel.de\\\/#organization\"},\"potentialAction\":[{\"@type\":\"SearchAction\",\"target\":{\"@type\":\"EntryPoint\",\"urlTemplate\":\"https:\\\/\\\/logotel.de\\\/?s={search_term_string}\"},\"query-input\":{\"@type\":\"PropertyValueSpecification\",\"valueRequired\":true,\"valueName\":\"search_term_string\"}}],\"inLanguage\":\"en-GB\"},{\"@type\":\"Organization\",\"@id\":\"https:\\\/\\\/logotel.de\\\/#organization\",\"name\":\"Logotel\",\"url\":\"https:\\\/\\\/logotel.de\\\/\",\"logo\":{\"@type\":\"ImageObject\",\"inLanguage\":\"en-GB\",\"@id\":\"https:\\\/\\\/logotel.de\\\/#\\\/schema\\\/logo\\\/image\\\/\",\"url\":\"https:\\\/\\\/logotel.de\\\/wp-content\\\/uploads\\\/2022\\\/11\\\/logotel_bearbeitet.png\",\"contentUrl\":\"https:\\\/\\\/logotel.de\\\/wp-content\\\/uploads\\\/2022\\\/11\\\/logotel_bearbeitet.png\",\"width\":595,\"height\":170,\"caption\":\"Logotel\"},\"image\":{\"@id\":\"https:\\\/\\\/logotel.de\\\/#\\\/schema\\\/logo\\\/image\\\/\"}}]}<\/script>\n<!-- \/ Yoast SEO plugin. -->","yoast_head_json":{"title":"Kontakt & Anfahrt - Logotel","robots":{"index":"index","follow":"follow","max-snippet":"max-snippet:-1","max-image-preview":"max-image-preview:large","max-video-preview":"max-video-preview:-1"},"canonical":"https:\/\/logotel.de\/en\/kontakt-anfahrt\/","og_locale":"en_GB","og_type":"article","og_title":"Kontakt & Anfahrt - Logotel","og_description":"Kontakt &amp; Anfahrt Wie k\u00f6nnen wir Ihnen weiterhelfen? Online, am Telefon oder pers\u00f6nlich \u2013\u00a0 Ihr Logotel-Team ist gerne f\u00fcr Sie da, ber\u00e4t Sie und beantwortet gerne Ihre Fragen. Hotel Logotel | Karl-Marx-Stra\u00dfe 30 | 99817 Eisenach | Telefon: 03691 2350 |\u00a0info@logotel.de Karl-Marx-Stra\u00dfe 3099817 EisenachTelefon: 03691 2350info@logotel.de","og_url":"https:\/\/logotel.de\/en\/kontakt-anfahrt\/","og_site_name":"Logotel","article_modified_time":"2023-01-16T19:35:03+00:00","og_image":[{"url":"https:\/\/logotel.de\/wp-content\/uploads\/2022\/11\/logotel_bearbeitet.png","type":"","width":"","height":""}],"twitter_card":"summary_large_image","twitter_misc":{"Estimated reading time":"1 minute"},"schema":{"@context":"https:\/\/schema.org","@graph":[{"@type":"WebPage","@id":"https:\/\/logotel.de\/kontakt-anfahrt\/","url":"https:\/\/logotel.de\/kontakt-anfahrt\/","name":"Kontakt & Anfahrt - Logotel","isPartOf":{"@id":"https:\/\/logotel.de\/#website"},"primaryImageOfPage":{"@id":"https:\/\/logotel.de\/kontakt-anfahrt\/#primaryimage"},"image":{"@id":"https:\/\/logotel.de\/kontakt-anfahrt\/#primaryimage"},"thumbnailUrl":"https:\/\/logotel.de\/wp-content\/uploads\/2022\/11\/logotel_bearbeitet.png","datePublished":"2022-11-14T16:02:36+00:00","dateModified":"2023-01-16T19:35:03+00:00","breadcrumb":{"@id":"https:\/\/logotel.de\/kontakt-anfahrt\/#breadcrumb"},"inLanguage":"en-GB","potentialAction":[{"@type":"ReadAction","target":["https:\/\/logotel.de\/kontakt-anfahrt\/"]}]},{"@type":"ImageObject","inLanguage":"en-GB","@id":"https:\/\/logotel.de\/kontakt-anfahrt\/#primaryimage","url":"https:\/\/logotel.de\/wp-content\/uploads\/2022\/11\/logotel_bearbeitet.png","contentUrl":"https:\/\/logotel.de\/wp-content\/uploads\/2022\/11\/logotel_bearbeitet.png"},{"@type":"BreadcrumbList","@id":"https:\/\/logotel.de\/kontakt-anfahrt\/#breadcrumb","itemListElement":[{"@type":"ListItem","position":1,"name":"Startseite","item":"https:\/\/logotel.de\/"},{"@type":"ListItem","position":2,"name":"Kontakt &#038; Anfahrt"}]},{"@type":"WebSite","@id":"https:\/\/logotel.de\/#website","url":"https:\/\/logotel.de\/","name":"Logotel","description":"Logotel \u2013 Ihr Hotel in Eisenach","publisher":{"@id":"https:\/\/logotel.de\/#organization"},"potentialAction":[{"@type":"SearchAction","target":{"@type":"EntryPoint","urlTemplate":"https:\/\/logotel.de\/?s={search_term_string}"},"query-input":{"@type":"PropertyValueSpecification","valueRequired":true,"valueName":"search_term_string"}}],"inLanguage":"en-GB"},{"@type":"Organization","@id":"https:\/\/logotel.de\/#organization","name":"Logotel","url":"https:\/\/logotel.de\/","logo":{"@type":"ImageObject","inLanguage":"en-GB","@id":"https:\/\/logotel.de\/#\/schema\/logo\/image\/","url":"https:\/\/logotel.de\/wp-content\/uploads\/2022\/11\/logotel_bearbeitet.png","contentUrl":"https:\/\/logotel.de\/wp-content\/uploads\/2022\/11\/logotel_bearbeitet.png","width":595,"height":170,"caption":"Logotel"},"image":{"@id":"https:\/\/logotel.de\/#\/schema\/logo\/image\/"}}]}},"_links":{"self":[{"href":"https:\/\/logotel.de\/en\/wp-json\/wp\/v2\/pages\/23","targetHints":{"allow":["GET"]}}],"collection":[{"href":"https:\/\/logotel.de\/en\/wp-json\/wp\/v2\/pages"}],"about":[{"href":"https:\/\/logotel.de\/en\/wp-json\/wp\/v2\/types\/page"}],"author":[{"embeddable":true,"href":"https:\/\/logotel.de\/en\/wp-json\/wp\/v2\/users\/1"}],"replies":[{"embeddable":true,"href":"https:\/\/logotel.de\/en\/wp-json\/wp\/v2\/comments?post=23"}],"version-history":[{"count":94,"href":"https:\/\/logotel.de\/en\/wp-json\/wp\/v2\/pages\/23\/revisions"}],"predecessor-version":[{"id":893,"href":"https:\/\/logotel.de\/en\/wp-json\/wp\/v2\/pages\/23\/revisions\/893"}],"wp:attachment":[{"href":"https:\/\/logotel.de\/en\/wp-json\/wp\/v2\/media?parent=23"}],"curies":[{"name":"wp","href":"https:\/\/api.w.org\/{rel}","templated":true}]}}