{"id":21,"date":"2022-11-14T17:01:46","date_gmt":"2022-11-14T16:01:46","guid":{"rendered":"https:\/\/logotel.de\/?page_id=21"},"modified":"2023-01-18T09:55:17","modified_gmt":"2023-01-18T08:55:17","slug":"impressum","status":"publish","type":"page","link":"https:\/\/logotel.de\/en\/impressum\/","title":{"rendered":"Imprint"},"content":{"rendered":"<div data-elementor-type=\"wp-page\" data-elementor-id=\"21\" class=\"elementor elementor-21\" data-elementor-post-type=\"page\">\n\t\t\t\t\t\t<section class=\"elementor-section elementor-top-section elementor-element elementor-element-c44abb4 elementor-section-boxed elementor-section-height-default elementor-section-height-default\" data-id=\"c44abb4\" data-element_type=\"section\" data-e-type=\"section\">\n\t\t\t\t\t\t<div class=\"elementor-container elementor-column-gap-default\">\n\t\t\t\t\t<div class=\"elementor-column elementor-col-100 elementor-top-column elementor-element elementor-element-8f3d622\" data-id=\"8f3d622\" data-element_type=\"column\" data-e-type=\"column\">\n\t\t\t<div class=\"elementor-widget-wrap elementor-element-populated\">\n\t\t\t\t\t\t<div class=\"elementor-element elementor-element-3ccf84e elementor-widget elementor-widget-text-editor\" data-id=\"3ccf84e\" data-element_type=\"widget\" data-e-type=\"widget\" data-widget_type=\"text-editor.default\">\n\t\t\t\t<div class=\"elementor-widget-container\">\n\t\t\t\t\t\t\t\t\t<h1>Imprint<\/h1>\t\t\t\t\t\t\t\t<\/div>\n\t\t\t\t<\/div>\n\t\t\t\t\t<\/div>\n\t\t<\/div>\n\t\t\t\t\t<\/div>\n\t\t<\/section>\n\t\t\t\t<section class=\"elementor-section elementor-top-section elementor-element elementor-element-fc04a8b elementor-section-boxed elementor-section-height-default elementor-section-height-default\" data-id=\"fc04a8b\" data-element_type=\"section\" data-e-type=\"section\">\n\t\t\t\t\t\t\t<div class=\"elementor-background-overlay\"><\/div>\n\t\t\t\t\t\t\t<div class=\"elementor-container elementor-column-gap-default\">\n\t\t\t\t\t<div class=\"elementor-column elementor-col-100 elementor-top-column elementor-element elementor-element-ac5f142\" data-id=\"ac5f142\" data-element_type=\"column\" data-e-type=\"column\">\n\t\t\t<div class=\"elementor-widget-wrap elementor-element-populated\">\n\t\t\t\t\t\t<div class=\"elementor-element elementor-element-5da0a10 elementor-widget elementor-widget-text-editor\" data-id=\"5da0a10\" data-element_type=\"widget\" data-e-type=\"widget\" data-widget_type=\"text-editor.default\">\n\t\t\t\t<div class=\"elementor-widget-container\">\n\t\t\t\t\t\t\t\t\t<h2>Information according to \u00a7 5 TMG<\/h2><p>Logotel OHG<br \/>Karl-Marx-Stra\u00dfe 30<br \/>99817 Eisenach<\/p><p><strong>Represented by:<\/strong><br \/>Heinz &amp; Nils Futscher<\/p><h2>Contact<\/h2><p>Phone: 03691 2350<br \/>Fax: 03691 235100<br \/>E-Mail: info@logotel.de<\/p><h2>VAT ID<\/h2><p>Sales tax identification number pursuant to \u00a7 27 a of the German Sales Tax Act:<br \/>DE 157600013<\/p><h2>Editorially responsible<\/h2><p>Heinz &amp; Nils Futscher<\/p><h2>EU dispute resolution<\/h2><p>The European Commission provides a platform for online dispute resolution (ODR): <a href=\"https:\/\/ec.europa.eu\/consumers\/odr\/\" target=\"_blank\" rel=\"noopener noreferrer\">https:\/\/ec.europa.eu\/consumers\/odr\/<\/a>.<br \/>You can find our e-mail address in the imprint above.<\/p><h2>Consumer Dispute Resolution\/Universal Arbitration Board<\/h2><p>We participate in a dispute resolution procedure before a consumer arbitration board. The universal arbitration board of the Zentrum f\u00fcr Schlichtung e.V., Stra\u00dfburger Stra\u00dfe 8, 77694 Kehl am Rhein (<a href=\"https:\/\/www.verbraucher-schlichter.de\" target=\"_blank\" rel=\"noopener noreferrer\">https:\/\/www.verbraucher-schlichter.de<\/a>).<\/p>\t\t\t\t\t\t\t\t<\/div>\n\t\t\t\t<\/div>\n\t\t\t\t\t<\/div>\n\t\t<\/div>\n\t\t\t\t\t<\/div>\n\t\t<\/section>\n\t\t\t\t<\/div>","protected":false},"excerpt":{"rendered":"<p>Impressum Angaben gem\u00e4\u00df \u00a7 5 TMG Logotel OHGKarl-Marx-Stra\u00dfe 3099817 Eisenach Vertreten durch:Heinz &amp; Nils Futscher Kontakt Telefon: 03691 2350Telefax: 03691 235100E-Mail: info@logotel.de Umsatzsteuer-ID Umsatzsteuer-Identifikationsnummer gem\u00e4\u00df \u00a7 27 a Umsatzsteuergesetz:DE 157600013 Redaktionell verantwortlich Heinz &amp; Nils Futscher EU-Streitschlichtung Die Europ\u00e4ische Kommission stellt eine Plattform zur Online-Streitbeilegung (OS) bereit: https:\/\/ec.europa.eu\/consumers\/odr\/.Unsere E-Mail-Adresse finden Sie oben im Impressum. Verbraucher\u00adstreit\u00adbeilegung\/Universal\u00adschlichtungs\u00adstelle [&hellip;]<\/p>\n","protected":false},"author":1,"featured_media":0,"parent":0,"menu_order":0,"comment_status":"closed","ping_status":"closed","template":"","meta":{"footnotes":""},"class_list":["post-21","page","type-page","status-publish","hentry"],"yoast_head":"<!-- This site is optimized with the Yoast SEO plugin v27.3 - https:\/\/yoast.com\/product\/yoast-seo-wordpress\/ -->\n<title>Impressum - Logotel<\/title>\n<meta name=\"robots\" content=\"index, follow, max-snippet:-1, max-image-preview:large, max-video-preview:-1\" \/>\n<link rel=\"canonical\" href=\"https:\/\/logotel.de\/en\/impressum\/\" \/>\n<meta property=\"og:locale\" content=\"en_GB\" \/>\n<meta property=\"og:type\" content=\"article\" \/>\n<meta property=\"og:title\" content=\"Impressum - Logotel\" \/>\n<meta property=\"og:description\" content=\"Impressum Angaben gem\u00e4\u00df \u00a7 5 TMG Logotel OHGKarl-Marx-Stra\u00dfe 3099817 Eisenach Vertreten durch:Heinz &amp; Nils Futscher Kontakt Telefon: 03691 2350Telefax: 03691 235100E-Mail: info@logotel.de Umsatzsteuer-ID Umsatzsteuer-Identifikationsnummer gem\u00e4\u00df \u00a7 27 a Umsatzsteuergesetz:DE 157600013 Redaktionell verantwortlich Heinz &amp; Nils Futscher EU-Streitschlichtung Die Europ\u00e4ische Kommission stellt eine Plattform zur Online-Streitbeilegung (OS) bereit: https:\/\/ec.europa.eu\/consumers\/odr\/.Unsere E-Mail-Adresse finden Sie oben im Impressum. Verbraucher\u00adstreit\u00adbeilegung\/Universal\u00adschlichtungs\u00adstelle [&hellip;]\" \/>\n<meta property=\"og:url\" content=\"https:\/\/logotel.de\/en\/impressum\/\" \/>\n<meta property=\"og:site_name\" content=\"Logotel\" \/>\n<meta property=\"article:modified_time\" content=\"2023-01-18T08:55:17+00:00\" \/>\n<meta name=\"twitter:card\" content=\"summary_large_image\" \/>\n<meta name=\"twitter:label1\" content=\"Estimated reading time\" \/>\n\t<meta name=\"twitter:data1\" content=\"1 minute\" \/>\n<script type=\"application\/ld+json\" class=\"yoast-schema-graph\">{\"@context\":\"https:\\\/\\\/schema.org\",\"@graph\":[{\"@type\":\"WebPage\",\"@id\":\"https:\\\/\\\/logotel.de\\\/impressum\\\/\",\"url\":\"https:\\\/\\\/logotel.de\\\/impressum\\\/\",\"name\":\"Impressum - Logotel\",\"isPartOf\":{\"@id\":\"https:\\\/\\\/logotel.de\\\/#website\"},\"datePublished\":\"2022-11-14T16:01:46+00:00\",\"dateModified\":\"2023-01-18T08:55:17+00:00\",\"breadcrumb\":{\"@id\":\"https:\\\/\\\/logotel.de\\\/impressum\\\/#breadcrumb\"},\"inLanguage\":\"en-GB\",\"potentialAction\":[{\"@type\":\"ReadAction\",\"target\":[\"https:\\\/\\\/logotel.de\\\/impressum\\\/\"]}]},{\"@type\":\"BreadcrumbList\",\"@id\":\"https:\\\/\\\/logotel.de\\\/impressum\\\/#breadcrumb\",\"itemListElement\":[{\"@type\":\"ListItem\",\"position\":1,\"name\":\"Startseite\",\"item\":\"https:\\\/\\\/logotel.de\\\/\"},{\"@type\":\"ListItem\",\"position\":2,\"name\":\"Impressum\"}]},{\"@type\":\"WebSite\",\"@id\":\"https:\\\/\\\/logotel.de\\\/#website\",\"url\":\"https:\\\/\\\/logotel.de\\\/\",\"name\":\"Logotel\",\"description\":\"Logotel \u2013 Ihr Hotel in Eisenach\",\"publisher\":{\"@id\":\"https:\\\/\\\/logotel.de\\\/#organization\"},\"potentialAction\":[{\"@type\":\"SearchAction\",\"target\":{\"@type\":\"EntryPoint\",\"urlTemplate\":\"https:\\\/\\\/logotel.de\\\/?s={search_term_string}\"},\"query-input\":{\"@type\":\"PropertyValueSpecification\",\"valueRequired\":true,\"valueName\":\"search_term_string\"}}],\"inLanguage\":\"en-GB\"},{\"@type\":\"Organization\",\"@id\":\"https:\\\/\\\/logotel.de\\\/#organization\",\"name\":\"Logotel\",\"url\":\"https:\\\/\\\/logotel.de\\\/\",\"logo\":{\"@type\":\"ImageObject\",\"inLanguage\":\"en-GB\",\"@id\":\"https:\\\/\\\/logotel.de\\\/#\\\/schema\\\/logo\\\/image\\\/\",\"url\":\"https:\\\/\\\/logotel.de\\\/wp-content\\\/uploads\\\/2022\\\/11\\\/logotel_bearbeitet.png\",\"contentUrl\":\"https:\\\/\\\/logotel.de\\\/wp-content\\\/uploads\\\/2022\\\/11\\\/logotel_bearbeitet.png\",\"width\":595,\"height\":170,\"caption\":\"Logotel\"},\"image\":{\"@id\":\"https:\\\/\\\/logotel.de\\\/#\\\/schema\\\/logo\\\/image\\\/\"}}]}<\/script>\n<!-- \/ Yoast SEO plugin. -->","yoast_head_json":{"title":"Impressum - Logotel","robots":{"index":"index","follow":"follow","max-snippet":"max-snippet:-1","max-image-preview":"max-image-preview:large","max-video-preview":"max-video-preview:-1"},"canonical":"https:\/\/logotel.de\/en\/impressum\/","og_locale":"en_GB","og_type":"article","og_title":"Impressum - Logotel","og_description":"Impressum Angaben gem\u00e4\u00df \u00a7 5 TMG Logotel OHGKarl-Marx-Stra\u00dfe 3099817 Eisenach Vertreten durch:Heinz &amp; Nils Futscher Kontakt Telefon: 03691 2350Telefax: 03691 235100E-Mail: info@logotel.de Umsatzsteuer-ID Umsatzsteuer-Identifikationsnummer gem\u00e4\u00df \u00a7 27 a Umsatzsteuergesetz:DE 157600013 Redaktionell verantwortlich Heinz &amp; Nils Futscher EU-Streitschlichtung Die Europ\u00e4ische Kommission stellt eine Plattform zur Online-Streitbeilegung (OS) bereit: https:\/\/ec.europa.eu\/consumers\/odr\/.Unsere E-Mail-Adresse finden Sie oben im Impressum. Verbraucher\u00adstreit\u00adbeilegung\/Universal\u00adschlichtungs\u00adstelle [&hellip;]","og_url":"https:\/\/logotel.de\/en\/impressum\/","og_site_name":"Logotel","article_modified_time":"2023-01-18T08:55:17+00:00","twitter_card":"summary_large_image","twitter_misc":{"Estimated reading time":"1 minute"},"schema":{"@context":"https:\/\/schema.org","@graph":[{"@type":"WebPage","@id":"https:\/\/logotel.de\/impressum\/","url":"https:\/\/logotel.de\/impressum\/","name":"Impressum - Logotel","isPartOf":{"@id":"https:\/\/logotel.de\/#website"},"datePublished":"2022-11-14T16:01:46+00:00","dateModified":"2023-01-18T08:55:17+00:00","breadcrumb":{"@id":"https:\/\/logotel.de\/impressum\/#breadcrumb"},"inLanguage":"en-GB","potentialAction":[{"@type":"ReadAction","target":["https:\/\/logotel.de\/impressum\/"]}]},{"@type":"BreadcrumbList","@id":"https:\/\/logotel.de\/impressum\/#breadcrumb","itemListElement":[{"@type":"ListItem","position":1,"name":"Startseite","item":"https:\/\/logotel.de\/"},{"@type":"ListItem","position":2,"name":"Impressum"}]},{"@type":"WebSite","@id":"https:\/\/logotel.de\/#website","url":"https:\/\/logotel.de\/","name":"Logotel","description":"Logotel \u2013 Ihr Hotel in Eisenach","publisher":{"@id":"https:\/\/logotel.de\/#organization"},"potentialAction":[{"@type":"SearchAction","target":{"@type":"EntryPoint","urlTemplate":"https:\/\/logotel.de\/?s={search_term_string}"},"query-input":{"@type":"PropertyValueSpecification","valueRequired":true,"valueName":"search_term_string"}}],"inLanguage":"en-GB"},{"@type":"Organization","@id":"https:\/\/logotel.de\/#organization","name":"Logotel","url":"https:\/\/logotel.de\/","logo":{"@type":"ImageObject","inLanguage":"en-GB","@id":"https:\/\/logotel.de\/#\/schema\/logo\/image\/","url":"https:\/\/logotel.de\/wp-content\/uploads\/2022\/11\/logotel_bearbeitet.png","contentUrl":"https:\/\/logotel.de\/wp-content\/uploads\/2022\/11\/logotel_bearbeitet.png","width":595,"height":170,"caption":"Logotel"},"image":{"@id":"https:\/\/logotel.de\/#\/schema\/logo\/image\/"}}]}},"_links":{"self":[{"href":"https:\/\/logotel.de\/en\/wp-json\/wp\/v2\/pages\/21","targetHints":{"allow":["GET"]}}],"collection":[{"href":"https:\/\/logotel.de\/en\/wp-json\/wp\/v2\/pages"}],"about":[{"href":"https:\/\/logotel.de\/en\/wp-json\/wp\/v2\/types\/page"}],"author":[{"embeddable":true,"href":"https:\/\/logotel.de\/en\/wp-json\/wp\/v2\/users\/1"}],"replies":[{"embeddable":true,"href":"https:\/\/logotel.de\/en\/wp-json\/wp\/v2\/comments?post=21"}],"version-history":[{"count":22,"href":"https:\/\/logotel.de\/en\/wp-json\/wp\/v2\/pages\/21\/revisions"}],"predecessor-version":[{"id":898,"href":"https:\/\/logotel.de\/en\/wp-json\/wp\/v2\/pages\/21\/revisions\/898"}],"wp:attachment":[{"href":"https:\/\/logotel.de\/en\/wp-json\/wp\/v2\/media?parent=21"}],"curies":[{"name":"wp","href":"https:\/\/api.w.org\/{rel}","templated":true}]}}